{"id":443,"date":"2025-06-19T13:10:53","date_gmt":"2025-06-19T11:10:53","guid":{"rendered":"https:\/\/onudrive.com\/impressum\/"},"modified":"2026-02-10T09:13:28","modified_gmt":"2026-02-10T08:13:28","slug":"impressum","status":"publish","type":"page","link":"https:\/\/onudrive.com\/de\/impressum\/","title":{"rendered":"Impressum"},"content":{"rendered":"\t\t<div data-elementor-type=\"wp-page\" data-elementor-id=\"443\" class=\"elementor elementor-443 elementor-125\" data-elementor-post-type=\"page\">\n\t\t\t\t<div class=\"elementor-element elementor-element-ebcf8c8 e-flex e-con-boxed e-con e-parent\" data-id=\"ebcf8c8\" data-element_type=\"container\" data-e-type=\"container\">\n\t\t\t\t\t<div class=\"e-con-inner\">\n\t\t\t\t<div class=\"elementor-element elementor-element-5bbc27c elementor-widget elementor-widget-heading\" data-id=\"5bbc27c\" data-element_type=\"widget\" data-e-type=\"widget\" data-widget_type=\"heading.default\">\n\t\t\t\t<div class=\"elementor-widget-container\">\n\t\t\t\t\t<h2 class=\"elementor-heading-title elementor-size-default\">Impressum<\/h2>\t\t\t\t<\/div>\n\t\t\t\t<\/div>\n\t\t\t\t<div class=\"elementor-element elementor-element-276044c elementor-widget elementor-widget-text-editor\" data-id=\"276044c\" data-element_type=\"widget\" data-e-type=\"widget\" data-widget_type=\"text-editor.default\">\n\t\t\t\t<div class=\"elementor-widget-container\">\n\t\t\t\t\t\t\t\t\t<p><strong>GESETZ \u00dcBER DIE DIENSTE DER INFORMATIONSGESELLSCHAFT (LSSI)<\/strong><br>ALQUILER DE RUEDAS HUELVA, S.L., verantwortlich f\u00fcr die Website, im Folgenden VERANTWORTLICHER, stellt den Nutzern das vorliegende Dokument zur Verf\u00fcgung, mit dem er die im Gesetz 34\/2002 vom 11. Juli \u00fcber die Dienste der Informationsgesellschaft und den elektronischen Handel (LSSICE), BOE Nr. 166, festgelegten Verpflichtungen erf\u00fcllen und alle Nutzer der Website \u00fcber die Nutzungsbedingungen informieren m\u00f6chte.<\/p><p>Jede Person, die auf diese Website zugreift, \u00fcbernimmt die Rolle des Nutzers und verpflichtet sich zur strikten Einhaltung der hierin enthaltenen Bestimmungen sowie aller anderen anwendbaren gesetzlichen Bestimmungen.<\/p><p>Der VERANTWORTLICHE beh\u00e4lt sich das Recht vor, jegliche Art von Informationen, die auf der Website erscheinen k\u00f6nnten, zu \u00e4ndern, ohne dass eine Verpflichtung besteht, die Nutzer \u00fcber diese \u00c4nderungen zu informieren oder sie vorab anzuk\u00fcndigen, wobei die Ver\u00f6ffentlichung auf der Website des VERANTWORTLICHEN als ausreichend erachtet wird.<\/p><p><strong>1. IDENTIFIZIERUNGSDATEN<\/strong><br>Domainname: www.onudrive.com<br>Handelsname: ALQUILER DE RUEDAS HUELVA, S.L.<br>Firmenname: ALQUILER DE RUEDAS HUELVA, S.L.<br>NIF: B21827910<br>Firmensitz: Alameda Sundheim, 14. 21003 Huelva<br>E-Mail: rafael.martin@onudrive.com<\/p><p><strong>2. RECHTE AN GEISTIGEM UND GEWERBLICHEM EIGENTUM<\/strong><br>Die Website, einschlie\u00dflich, aber nicht beschr\u00e4nkt auf ihre Programmierung, Bearbeitung, Zusammenstellung und andere f\u00fcr ihren Betrieb notwendige Elemente, Designs, Logos, Texte und\/oder Grafiken, sind Eigentum des VERANTWORTLICHEN oder verf\u00fcgt gegebenenfalls \u00fcber eine Lizenz oder ausdr\u00fcckliche Genehmigung der Autoren. Alle Inhalte der Website sind durch die Bestimmungen des geistigen und gewerblichen Eigentums gesch\u00fctzt und in den entsprechenden \u00f6ffentlichen Registern eingetragen.<br>Unabh\u00e4ngig von dem Zweck, f\u00fcr den sie bestimmt sind, bed\u00fcrfen die vollst\u00e4ndige oder teilweise Vervielf\u00e4ltigung, Nutzung, Verwertung, Verbreitung und Vermarktung in jedem Fall der vorherigen schriftlichen Genehmigung des VERANTWORTLICHEN. Jede nicht zuvor genehmigte Nutzung gilt als schwerwiegende Verletzung der Rechte an geistigem oder gewerblichem Eigentum des Autors.<br>Die Designs, Logos, Texte und\/oder Grafiken, die nicht dem VERANTWORTLICHEN geh\u00f6ren und auf der Website erscheinen k\u00f6nnten, geh\u00f6ren ihren jeweiligen Eigent\u00fcmern, die selbst f\u00fcr alle m\u00f6glichen Streitigkeiten verantwortlich sind, die in Bezug auf diese entstehen k\u00f6nnten. Der VERANTWORTLICHE genehmigt ausdr\u00fccklich, dass Dritte direkt zu den konkreten Inhalten der Website weiterleiten k\u00f6nnen, und in jedem Fall zur Hauptwebsite von www.onudrive.com weiterleiten.<br>Der VERANTWORTLICHE erkennt zugunsten seiner Inhaber die entsprechenden Rechte an geistigem und gewerblichem Eigentum an, was nicht bedeutet, dass allein die Erw\u00e4hnung oder das Erscheinen auf der Website das Bestehen von Rechten oder irgendeiner Verantwortung f\u00fcr diese impliziert, noch eine Unterst\u00fctzung, ein Sponsoring oder eine Empfehlung durch denselben.<br>Um jegliche Art von Bemerkungen bez\u00fcglich m\u00f6glicher Verletzungen der Rechte an geistigem oder gewerblichem Eigentum sowie \u00fcber jegliche Inhalte der Website zu machen, k\u00f6nnen Sie dies per E-Mail an rafael.martin@onudrive.com tun.<\/p><p><strong>3. HAFTUNGSAUSSCHLUSS<\/strong><br>Der VERANTWORTLICHE \u00fcbernimmt keine Verantwortung f\u00fcr die auf seiner Website ver\u00f6ffentlichten Informationen, sofern diese Informationen von einem Dritten, der ihm nicht angeh\u00f6rt, manipuliert oder eingegeben wurden.<br><strong>Verwendung von Cookies<\/strong><br>Diese Website kann technische Cookies (kleine Informationsdateien, die der Server an den Computer des Besuchers sendet) verwenden, um bestimmte Funktionen auszuf\u00fchren, die f\u00fcr das korrekte Funktionieren und die Anzeige der Website als unerl\u00e4sslich gelten. Die verwendeten Cookies sind in jedem Fall tempor\u00e4r, dienen ausschlie\u00dflich dem Zweck, die Navigation effizienter zu gestalten, und verschwinden am Ende der Sitzung des Nutzers. In keinem Fall liefern diese Cookies von sich aus personenbezogene Daten und werden nicht f\u00fcr deren Erfassung verwendet.<br>Durch die Verwendung von Cookies ist es auch m\u00f6glich, dass der Server, auf dem sich die Website befindet, den vom Nutzer verwendeten Browser erkennt, um die Navigation zu vereinfachen, indem er beispielsweise den Zugang von Nutzern, die sich zuvor registriert haben, zu den Bereichen, Diensten, Werbeaktionen oder Wettbewerben erm\u00f6glicht, die ausschlie\u00dflich ihnen vorbehalten sind, ohne dass sie sich bei jedem Besuch registrieren m\u00fcssen. Sie k\u00f6nnen auch verwendet werden, um die Besucherzahlen, Verkehrsparameter, den Fortschritt und die Anzahl der Eintr\u00e4ge usw. zu messen, wobei es sich in diesen F\u00e4llen um technisch entbehrliche, aber f\u00fcr den Nutzer vorteilhafte Cookies handelt. Diese Website wird keine entbehrlichen Cookies ohne die vorherige Zustimmung des Nutzers installieren.<br>Der Nutzer hat die M\u00f6glichkeit, seinen Browser so einzustellen, dass er \u00fcber den Empfang von Cookies informiert wird und deren Installation auf seinem Ger\u00e4t verhindert. Bitte konsultieren Sie die Anweisungen Ihres Browsers, um diese Informationen zu erweitern.<\/p><p><strong>Link-Politik<\/strong><br>Von der Website aus ist es m\u00f6glich, zu Inhalten von Websites Dritter weitergeleitet zu werden.<br>Da der VERANTWORTLICHE die von Dritten in ihre jeweiligen Websites eingegebenen Inhalte nicht immer kontrollieren kann, \u00fcbernimmt er keinerlei Verantwortung f\u00fcr diese Inhalte. In jedem Fall wird er unverz\u00fcglich alle Inhalte entfernen, die gegen nationale oder internationale Gesetze, die Moral oder die \u00f6ffentliche Ordnung versto\u00dfen k\u00f6nnten, und unverz\u00fcglich die Weiterleitung zu dieser Website entfernen und die zust\u00e4ndigen Beh\u00f6rden \u00fcber den betreffenden Inhalt informieren.<br>Der VERANTWORTLICHE ist nicht verantwortlich f\u00fcr die Informationen und Inhalte, die, beispielsweise, in Foren, Chats, Blog-Generatoren, Kommentaren, sozialen Netzwerken oder anderen Medien gespeichert werden, die es Dritten erm\u00f6glichen, Inhalte unabh\u00e4ngig auf der Website des VERANTWORTLICHEN zu ver\u00f6ffentlichen. In \u00dcbereinstimmung mit den Artikeln 11 und 16 des LSSICE werden jedoch alle Nutzer, Beh\u00f6rden und Sicherheitskr\u00e4fte aktiv bei der Entfernung oder gegebenenfalls Sperrung aller Inhalte unterst\u00fctzt, die die nationalen oder internationalen Gesetze, die Rechte Dritter oder die Moral und die \u00f6ffentliche Ordnung beeintr\u00e4chtigen oder gegen sie versto\u00dfen k\u00f6nnten. Falls der Nutzer der Ansicht ist, dass es auf der Website Inhalte gibt, die f\u00fcr diese Einstufung in Frage kommen k\u00f6nnten, wird er gebeten, dies unverz\u00fcglich dem Administrator der Website mitzuteilen.<br>Diese Website wurde \u00fcberpr\u00fcft und getestet, um sicherzustellen, dass sie ordnungsgem\u00e4\u00df funktioniert. Grunds\u00e4tzlich kann das ordnungsgem\u00e4\u00dfe Funktionieren an 365 Tagen im Jahr, 24 Stunden am Tag, garantiert werden. Der VERANTWORTLICHE schlie\u00dft jedoch nicht aus, dass bestimmte Programmierfehler auftreten oder dass F\u00e4lle h\u00f6herer Gewalt, Naturkatastrophen, Streiks oder \u00e4hnliche Umst\u00e4nde eintreten, die den Zugriff auf die Website unm\u00f6glich machen.<\/p><p><strong>IP-Adressen<\/strong><br>Die Server der Website k\u00f6nnen automatisch die vom Nutzer verwendete IP-Adresse und den Domainnamen erkennen. Eine IP-Adresse ist eine Nummer, die einem Computer automatisch zugewiesen wird, wenn er sich mit dem Internet verbindet.<br>Alle diese Informationen werden in einer ordnungsgem\u00e4\u00df registrierten Aktivit\u00e4tsdatei des Servers gespeichert, die die sp\u00e4tere Verarbeitung der Daten erm\u00f6glicht, um ausschlie\u00dflich statistische Messungen zu erhalten, die es erm\u00f6glichen, die Anzahl der Seitenaufrufe, die Anzahl der Besuche auf den Webservern, die Reihenfolge der Besuche, den Zugangspunkt usw. zu ermitteln.<\/p><p><strong>4. PRIVATSPH\u00c4RE VON BILDERN<\/strong><br>Der Verantwortliche ver\u00f6ffentlicht einige Bilder ausschlie\u00dflich zu dem Zweck, \u00fcber die Aktivit\u00e4ten zu informieren, die ALQUILER DE RUEDAS HUELVA SL durchgef\u00fchrt hat. Wenn sich eine Person durch die Ver\u00f6ffentlichung ihres Bildes beeintr\u00e4chtigt f\u00fchlt und nicht m\u00f6chte, dass es verbreitet wird, muss sie dies nur per E-Mail an rafael.martin@onudrive.com mitteilen, und wir werden es unverz\u00fcglich entfernen.<\/p><p>Es ist strengstens untersagt, diese Bilder ohne die ausdr\u00fcckliche Genehmigung von ALQUILER DE RUEDAS HUELVA SL zu ver\u00f6ffentlichen, offenzulegen, zu verbreiten oder zu \u00fcbertragen.<\/p><p><strong>5. ANWENDBARES RECHT UND GERICHTSSTAND<\/strong><br>F\u00fcr die Beilegung aller Streitigkeiten oder Fragen im Zusammenhang mit dieser Website oder den auf ihr durchgef\u00fchrten Aktivit\u00e4ten gilt spanisches Recht, dem sich die Parteien ausdr\u00fccklich unterwerfen, wobei f\u00fcr die Beilegung aller Streitigkeiten, die sich aus ihrer Nutzung ergeben oder mit ihr in Zusammenhang stehen, die Gerichte zust\u00e4ndig sind, die Huelva am n\u00e4chsten liegen.<\/p>\t\t\t\t\t\t\t\t<\/div>\n\t\t\t\t<\/div>\n\t\t\t\t\t<\/div>\n\t\t\t\t<\/div>\n\t\t\t\t<\/div>\n\t\t","protected":false},"excerpt":{"rendered":"<p>Impressum GESETZ \u00dcBER DIE DIENSTE DER INFORMATIONSGESELLSCHAFT (LSSI)ALQUILER DE RUEDAS HUELVA, S.L., verantwortlich f\u00fcr die Website, im Folgenden VERANTWORTLICHER, stellt den Nutzern das vorliegende Dokument zur Verf\u00fcgung, mit dem er die im Gesetz 34\/2002 vom 11. Juli \u00fcber die Dienste der Informationsgesellschaft und den elektronischen Handel (LSSICE), BOE Nr. 166, festgelegten Verpflichtungen erf\u00fcllen und alle [&hellip;]<\/p>\n","protected":false},"author":1,"featured_media":0,"parent":0,"menu_order":0,"comment_status":"closed","ping_status":"closed","template":"","meta":{"footnotes":""},"class_list":["post-443","page","type-page","status-publish","hentry"],"yoast_head":"<!-- This site is optimized with the Yoast SEO plugin v27.5 - https:\/\/yoast.com\/product\/yoast-seo-wordpress\/ -->\n<title>Impressum - Onudrive<\/title>\n<meta name=\"robots\" content=\"noindex, follow\" \/>\n<meta property=\"og:locale\" content=\"de_DE\" \/>\n<meta property=\"og:type\" content=\"article\" \/>\n<meta property=\"og:title\" content=\"Impressum - Onudrive\" \/>\n<meta property=\"og:description\" content=\"Impressum GESETZ \u00dcBER DIE DIENSTE DER INFORMATIONSGESELLSCHAFT (LSSI)ALQUILER DE RUEDAS HUELVA, S.L., verantwortlich f\u00fcr die Website, im Folgenden VERANTWORTLICHER, stellt den Nutzern das vorliegende Dokument zur Verf\u00fcgung, mit dem er die im Gesetz 34\/2002 vom 11. Juli \u00fcber die Dienste der Informationsgesellschaft und den elektronischen Handel (LSSICE), BOE Nr. 166, festgelegten Verpflichtungen erf\u00fcllen und alle [&hellip;]\" \/>\n<meta property=\"og:url\" content=\"https:\/\/onudrive.com\/de\/impressum\/\" \/>\n<meta property=\"og:site_name\" content=\"Onudrive\" \/>\n<meta property=\"article:modified_time\" content=\"2026-02-10T08:13:28+00:00\" \/>\n<meta property=\"og:image\" content=\"https:\/\/onudrive.com\/wp-content\/uploads\/2025\/06\/AZUL-LOGOTIPO.png\" \/>\n\t<meta property=\"og:image:width\" content=\"1512\" \/>\n\t<meta property=\"og:image:height\" content=\"380\" \/>\n\t<meta property=\"og:image:type\" content=\"image\/png\" \/>\n<meta name=\"twitter:card\" content=\"summary_large_image\" \/>\n<meta name=\"twitter:label1\" content=\"Gesch\u00e4tzte Lesezeit\" \/>\n\t<meta name=\"twitter:data1\" content=\"6\u00a0Minuten\" \/>\n<script type=\"application\/ld+json\" class=\"yoast-schema-graph\">{\"@context\":\"https:\\\/\\\/schema.org\",\"@graph\":[{\"@type\":\"WebPage\",\"@id\":\"https:\\\/\\\/onudrive.com\\\/de\\\/impressum\\\/\",\"url\":\"https:\\\/\\\/onudrive.com\\\/de\\\/impressum\\\/\",\"name\":\"Impressum - Onudrive\",\"isPartOf\":{\"@id\":\"https:\\\/\\\/onudrive.com\\\/de\\\/#website\"},\"datePublished\":\"2025-06-19T11:10:53+00:00\",\"dateModified\":\"2026-02-10T08:13:28+00:00\",\"breadcrumb\":{\"@id\":\"https:\\\/\\\/onudrive.com\\\/de\\\/impressum\\\/#breadcrumb\"},\"inLanguage\":\"de\",\"potentialAction\":[{\"@type\":\"ReadAction\",\"target\":[\"https:\\\/\\\/onudrive.com\\\/de\\\/impressum\\\/\"]}]},{\"@type\":\"BreadcrumbList\",\"@id\":\"https:\\\/\\\/onudrive.com\\\/de\\\/impressum\\\/#breadcrumb\",\"itemListElement\":[{\"@type\":\"ListItem\",\"position\":1,\"name\":\"Portada\",\"item\":\"https:\\\/\\\/onudrive.com\\\/de\\\/anfang\\\/\"},{\"@type\":\"ListItem\",\"position\":2,\"name\":\"Impressum\"}]},{\"@type\":\"WebSite\",\"@id\":\"https:\\\/\\\/onudrive.com\\\/de\\\/#website\",\"url\":\"https:\\\/\\\/onudrive.com\\\/de\\\/\",\"name\":\"Onudrive\",\"description\":\"Alquiler de coches y furgonetas en Huelva y provincia\",\"publisher\":{\"@id\":\"https:\\\/\\\/onudrive.com\\\/de\\\/#organization\"},\"potentialAction\":[{\"@type\":\"SearchAction\",\"target\":{\"@type\":\"EntryPoint\",\"urlTemplate\":\"https:\\\/\\\/onudrive.com\\\/de\\\/?s={search_term_string}\"},\"query-input\":{\"@type\":\"PropertyValueSpecification\",\"valueRequired\":true,\"valueName\":\"search_term_string\"}}],\"inLanguage\":\"de\"},{\"@type\":\"Organization\",\"@id\":\"https:\\\/\\\/onudrive.com\\\/de\\\/#organization\",\"name\":\"Onudrive\",\"url\":\"https:\\\/\\\/onudrive.com\\\/de\\\/\",\"logo\":{\"@type\":\"ImageObject\",\"inLanguage\":\"de\",\"@id\":\"https:\\\/\\\/onudrive.com\\\/de\\\/#\\\/schema\\\/logo\\\/image\\\/\",\"url\":\"https:\\\/\\\/onudrive.com\\\/wp-content\\\/uploads\\\/2025\\\/06\\\/cropped-favicon-onudrive.png\",\"contentUrl\":\"https:\\\/\\\/onudrive.com\\\/wp-content\\\/uploads\\\/2025\\\/06\\\/cropped-favicon-onudrive.png\",\"width\":512,\"height\":512,\"caption\":\"Onudrive\"},\"image\":{\"@id\":\"https:\\\/\\\/onudrive.com\\\/de\\\/#\\\/schema\\\/logo\\\/image\\\/\"}}]}<\/script>\n<!-- \/ Yoast SEO plugin. -->","yoast_head_json":{"title":"Impressum - Onudrive","robots":{"index":"noindex","follow":"follow"},"og_locale":"de_DE","og_type":"article","og_title":"Impressum - Onudrive","og_description":"Impressum GESETZ \u00dcBER DIE DIENSTE DER INFORMATIONSGESELLSCHAFT (LSSI)ALQUILER DE RUEDAS HUELVA, S.L., verantwortlich f\u00fcr die Website, im Folgenden VERANTWORTLICHER, stellt den Nutzern das vorliegende Dokument zur Verf\u00fcgung, mit dem er die im Gesetz 34\/2002 vom 11. Juli \u00fcber die Dienste der Informationsgesellschaft und den elektronischen Handel (LSSICE), BOE Nr. 166, festgelegten Verpflichtungen erf\u00fcllen und alle [&hellip;]","og_url":"https:\/\/onudrive.com\/de\/impressum\/","og_site_name":"Onudrive","article_modified_time":"2026-02-10T08:13:28+00:00","og_image":[{"width":1512,"height":380,"url":"https:\/\/onudrive.com\/wp-content\/uploads\/2025\/06\/AZUL-LOGOTIPO.png","type":"image\/png"}],"twitter_card":"summary_large_image","twitter_misc":{"Gesch\u00e4tzte Lesezeit":"6\u00a0Minuten"},"schema":{"@context":"https:\/\/schema.org","@graph":[{"@type":"WebPage","@id":"https:\/\/onudrive.com\/de\/impressum\/","url":"https:\/\/onudrive.com\/de\/impressum\/","name":"Impressum - Onudrive","isPartOf":{"@id":"https:\/\/onudrive.com\/de\/#website"},"datePublished":"2025-06-19T11:10:53+00:00","dateModified":"2026-02-10T08:13:28+00:00","breadcrumb":{"@id":"https:\/\/onudrive.com\/de\/impressum\/#breadcrumb"},"inLanguage":"de","potentialAction":[{"@type":"ReadAction","target":["https:\/\/onudrive.com\/de\/impressum\/"]}]},{"@type":"BreadcrumbList","@id":"https:\/\/onudrive.com\/de\/impressum\/#breadcrumb","itemListElement":[{"@type":"ListItem","position":1,"name":"Portada","item":"https:\/\/onudrive.com\/de\/anfang\/"},{"@type":"ListItem","position":2,"name":"Impressum"}]},{"@type":"WebSite","@id":"https:\/\/onudrive.com\/de\/#website","url":"https:\/\/onudrive.com\/de\/","name":"Onudrive","description":"Alquiler de coches y furgonetas en Huelva y provincia","publisher":{"@id":"https:\/\/onudrive.com\/de\/#organization"},"potentialAction":[{"@type":"SearchAction","target":{"@type":"EntryPoint","urlTemplate":"https:\/\/onudrive.com\/de\/?s={search_term_string}"},"query-input":{"@type":"PropertyValueSpecification","valueRequired":true,"valueName":"search_term_string"}}],"inLanguage":"de"},{"@type":"Organization","@id":"https:\/\/onudrive.com\/de\/#organization","name":"Onudrive","url":"https:\/\/onudrive.com\/de\/","logo":{"@type":"ImageObject","inLanguage":"de","@id":"https:\/\/onudrive.com\/de\/#\/schema\/logo\/image\/","url":"https:\/\/onudrive.com\/wp-content\/uploads\/2025\/06\/cropped-favicon-onudrive.png","contentUrl":"https:\/\/onudrive.com\/wp-content\/uploads\/2025\/06\/cropped-favicon-onudrive.png","width":512,"height":512,"caption":"Onudrive"},"image":{"@id":"https:\/\/onudrive.com\/de\/#\/schema\/logo\/image\/"}}]}},"_links":{"self":[{"href":"https:\/\/onudrive.com\/de\/wp-json\/wp\/v2\/pages\/443","targetHints":{"allow":["GET"]}}],"collection":[{"href":"https:\/\/onudrive.com\/de\/wp-json\/wp\/v2\/pages"}],"about":[{"href":"https:\/\/onudrive.com\/de\/wp-json\/wp\/v2\/types\/page"}],"author":[{"embeddable":true,"href":"https:\/\/onudrive.com\/de\/wp-json\/wp\/v2\/users\/1"}],"replies":[{"embeddable":true,"href":"https:\/\/onudrive.com\/de\/wp-json\/wp\/v2\/comments?post=443"}],"version-history":[{"count":0,"href":"https:\/\/onudrive.com\/de\/wp-json\/wp\/v2\/pages\/443\/revisions"}],"wp:attachment":[{"href":"https:\/\/onudrive.com\/de\/wp-json\/wp\/v2\/media?parent=443"}],"curies":[{"name":"wp","href":"https:\/\/api.w.org\/{rel}","templated":true}]}}