{"id":441,"date":"2025-06-19T13:10:53","date_gmt":"2025-06-19T11:10:53","guid":{"rendered":"https:\/\/onudrive.com\/mentions-legales\/"},"modified":"2026-02-10T09:13:01","modified_gmt":"2026-02-10T08:13:01","slug":"mentions-legales","status":"publish","type":"page","link":"https:\/\/onudrive.com\/fr\/mentions-legales\/","title":{"rendered":"Mentions L\u00e9gales"},"content":{"rendered":"\t\t<div data-elementor-type=\"wp-page\" data-elementor-id=\"441\" class=\"elementor elementor-441 elementor-125\" data-elementor-post-type=\"page\">\n\t\t\t\t<div class=\"elementor-element elementor-element-ebcf8c8 e-flex e-con-boxed e-con e-parent\" data-id=\"ebcf8c8\" data-element_type=\"container\" data-e-type=\"container\">\n\t\t\t\t\t<div class=\"e-con-inner\">\n\t\t\t\t<div class=\"elementor-element elementor-element-5bbc27c elementor-widget elementor-widget-heading\" data-id=\"5bbc27c\" data-element_type=\"widget\" data-e-type=\"widget\" data-widget_type=\"heading.default\">\n\t\t\t\t<div class=\"elementor-widget-container\">\n\t\t\t\t\t<h2 class=\"elementor-heading-title elementor-size-default\">Mentions L\u00e9gales<\/h2>\t\t\t\t<\/div>\n\t\t\t\t<\/div>\n\t\t\t\t<div class=\"elementor-element elementor-element-276044c elementor-widget elementor-widget-text-editor\" data-id=\"276044c\" data-element_type=\"widget\" data-e-type=\"widget\" data-widget_type=\"text-editor.default\">\n\t\t\t\t<div class=\"elementor-widget-container\">\n\t\t\t\t\t\t\t\t\t<p><strong>LOI SUR LES SERVICES DE LA SOCI\u00c9T\u00c9 DE L&rsquo;INFORMATION (LSSI)<\/strong><br>ALQUILER DE RUEDAS HUELVA, S.L., responsable du site web, ci-apr\u00e8s le RESPONSABLE, met \u00e0 la disposition des utilisateurs le pr\u00e9sent document, avec lequel il entend satisfaire aux obligations pr\u00e9vues par la loi 34\/2002, du 11 juillet, sur les services de la soci\u00e9t\u00e9 de l&rsquo;information et du commerce \u00e9lectronique (LSSICE), BOE N \u00ba 166, ainsi qu&rsquo;informer tous les utilisateurs du site web sur les conditions d&rsquo;utilisation.<\/p><p>Toute personne acc\u00e9dant \u00e0 ce site web assume le r\u00f4le d&rsquo;utilisateur, s&rsquo;engageant \u00e0 l&rsquo;observance et au respect rigoureux des dispositions ici \u00e9nonc\u00e9es, ainsi qu&rsquo;\u00e0 toute autre disposition l\u00e9gale applicable.<\/p><p>Le RESPONSABLE se r\u00e9serve le droit de modifier tout type d&rsquo;information pouvant appara\u00eetre sur le site web, sans qu&rsquo;il soit n\u00e9cessaire d&rsquo;avertir ou de notifier les utilisateurs de ces obligations, \u00e9tant entendu qu&rsquo;il suffit de la publier sur le site web du RESPONSABLE.<\/p><p><strong>1. DONN\u00c9ES D&rsquo;IDENTIFICATION<\/strong><br>Nom de domaine&nbsp;: www.onudrive.com<br>Nom commercial&nbsp;: ALQUILER DE RUEDAS HUELVA, S.L.<br>Raison sociale&nbsp;: ALQUILER DE RUEDAS HUELVA, S.L.<br>NIF&nbsp;: B21827910<br>Si\u00e8ge social&nbsp;: Alameda Sundheim,14. 21003 Huelva<br> e-mail&nbsp;: rafael.martin@onudrive.com<\/p><p><strong>2. DROITS DE PROPRI\u00c9T\u00c9 INTELLECTUELLE ET INDUSTRIELLE<\/strong><br>Le site web, y compris, \u00e0 titre d&rsquo;exemple mais sans s&rsquo;y limiter, sa programmation, son \u00e9dition, sa compilation et les autres \u00e9l\u00e9ments n\u00e9cessaires \u00e0 son fonctionnement, les conceptions, les logos, le texte et\/ou les graphiques, sont la propri\u00e9t\u00e9 du RESPONSABLE ou, le cas \u00e9ch\u00e9ant, celui-ci dispose d&rsquo;une licence ou d&rsquo;une autorisation expresse de la part des auteurs. Tous les contenus du site web sont d\u00fbment prot\u00e9g\u00e9s par la r\u00e9glementation en mati\u00e8re de propri\u00e9t\u00e9 intellectuelle et industrielle, et sont inscrits dans les registres publics correspondants.<br>Ind\u00e9pendamment de la finalit\u00e9 \u00e0 laquelle ils sont destin\u00e9s, la reproduction totale ou partielle, l&rsquo;utilisation, l&rsquo;exploitation, la distribution et la commercialisation n\u00e9cessitent dans tous les cas l&rsquo;autorisation \u00e9crite pr\u00e9alable du RESPONSABLE. Toute utilisation non autoris\u00e9e au pr\u00e9alable est consid\u00e9r\u00e9e comme une violation grave des droits de propri\u00e9t\u00e9 intellectuelle ou industrielle de l&rsquo;auteur.<br>Les conceptions, les logos, le texte et\/ou les graphiques n&rsquo;appartenant pas au RESPONSABLE et pouvant appara\u00eetre sur le site web appartiennent \u00e0 leurs propri\u00e9taires respectifs, qui sont eux-m\u00eames responsables de toute controverse pouvant survenir \u00e0 leur sujet. Le RESPONSABLE autorise express\u00e9ment les tiers \u00e0 rediriger directement vers les contenus sp\u00e9cifiques du site web, et dans tous les cas \u00e0 rediriger vers le site web principal de www.onudrive.com.<br>Le RESPONSABLE reconna\u00eet \u00e0 leurs titulaires les droits de propri\u00e9t\u00e9 intellectuelle et industrielle correspondants, leur simple mention ou apparition sur le site web n&rsquo;impliquant pas l&rsquo;existence de droits ou de responsabilit\u00e9s quelconques \u00e0 leur \u00e9gard, ni un soutien, un parrainage ou une recommandation de sa part.<br>Pour faire part de toute observation concernant d&rsquo;\u00e9ventuelles violations des droits de propri\u00e9t\u00e9 intellectuelle ou industrielle, ainsi que sur l&rsquo;un quelconque des contenus du site web, vous pouvez le faire par courrier \u00e9lectronique \u00e0 l&rsquo;adresse rafael.martin@onudrive.com.<\/p><p><strong>3. EXON\u00c9RATION DE RESPONSABILIT\u00c9<\/strong><br>Le RESPONSABLE d\u00e9cline toute responsabilit\u00e9 d\u00e9coulant des informations publi\u00e9es sur son site web, \u00e0 condition que ces informations aient \u00e9t\u00e9 manipul\u00e9es ou introduites par un tiers ext\u00e9rieur \u00e0 celui-ci.<br><strong>Utilisation de cookies<\/strong><br>Ce site web peut utiliser des cookies techniques (petits fichiers d&rsquo;information que le serveur envoie \u00e0 l&rsquo;ordinateur de la personne acc\u00e9dant \u00e0 la page) pour r\u00e9aliser certaines fonctions consid\u00e9r\u00e9es comme indispensables au bon fonctionnement et \u00e0 la visualisation du site. Les cookies utilis\u00e9s ont, dans tous les cas, un caract\u00e8re temporaire, dans le seul but de rendre la navigation plus efficace, et disparaissent \u00e0 la fin de la session de l&rsquo;utilisateur. En aucun cas, ces cookies ne fournissent par eux-m\u00eames des donn\u00e9es \u00e0 caract\u00e8re personnel et ne seront pas utilis\u00e9s pour la collecte de celles-ci.<br>Gr\u00e2ce \u00e0 l&rsquo;utilisation de cookies, il est \u00e9galement possible que le serveur o\u00f9 se trouve le site web reconnaisse le navigateur utilis\u00e9 par l&rsquo;utilisateur afin de faciliter la navigation, en permettant, par exemple, aux utilisateurs qui se sont inscrits pr\u00e9c\u00e9demment d&rsquo;acc\u00e9der aux zones, services, promotions ou concours qui leur sont exclusivement r\u00e9serv\u00e9s sans avoir \u00e0 s&rsquo;inscrire \u00e0 chaque visite. Ils peuvent \u00e9galement \u00eatre utilis\u00e9s pour mesurer l&rsquo;audience, les param\u00e8tres de trafic, contr\u00f4ler la progression et le nombre d&rsquo;entr\u00e9es, etc., \u00e9tant dans ces cas des cookies techniquement dispensables mais b\u00e9n\u00e9fiques pour l&rsquo;utilisateur. Ce site web n&rsquo;installera pas de cookies dispensables sans le consentement pr\u00e9alable de l&rsquo;utilisateur.<br>L&rsquo;utilisateur a la possibilit\u00e9 de configurer son navigateur pour \u00eatre alert\u00e9 de la r\u00e9ception de cookies et pour emp\u00eacher leur installation sur son \u00e9quipement. Veuillez consulter les instructions de votre navigateur pour plus d&rsquo;informations.<\/p><p><strong>Politique de liens<\/strong><br>Depuis le site web, il est possible d&rsquo;\u00eatre redirig\u00e9 vers des contenus de sites web tiers.<br>\u00c9tant donn\u00e9 que le RESPONSABLE ne peut pas toujours contr\u00f4ler les contenus introduits par les tiers sur leurs sites web respectifs, il n&rsquo;assume aucune responsabilit\u00e9 quant \u00e0 ces contenus. Dans tous les cas, il proc\u00e9dera au retrait imm\u00e9diat de tout contenu pouvant contrevenir \u00e0 la l\u00e9gislation nationale ou internationale, \u00e0 la morale ou \u00e0 l&rsquo;ordre public, en proc\u00e9dant au retrait imm\u00e9diat de la redirection vers ledit site web, en portant \u00e0 la connaissance des autorit\u00e9s comp\u00e9tentes le contenu en question.<br>Le RESPONSABLE ne saurait \u00eatre tenu responsable des informations et contenus stock\u00e9s, \u00e0 titre d&rsquo;exemple mais sans s&rsquo;y limiter, dans les forums, les chats, les g\u00e9n\u00e9rateurs de blogs, les commentaires, les r\u00e9seaux sociaux ou tout autre moyen permettant \u00e0 des tiers de publier des contenus de mani\u00e8re ind\u00e9pendante sur la page web du RESPONSABLE. Toutefois, et conform\u00e9ment aux dispositions des articles&nbsp;11 et&nbsp;16 de la LSSICE, il est mis \u00e0 la disposition de tous les utilisateurs, autorit\u00e9s et forces de s\u00e9curit\u00e9, en collaborant activement au retrait ou, le cas \u00e9ch\u00e9ant, au blocage de tous les contenus susceptibles d&rsquo;affecter ou de contrevenir \u00e0 la l\u00e9gislation nationale ou internationale, aux droits des tiers ou \u00e0 la morale et \u00e0 l&rsquo;ordre public. Si l&rsquo;utilisateur consid\u00e8re qu&rsquo;il existe sur le site web un contenu susceptible d&rsquo;\u00eatre ainsi class\u00e9, il est pri\u00e9 de le notifier imm\u00e9diatement \u00e0 l&rsquo;administrateur du site web.<br>Ce site web a \u00e9t\u00e9 v\u00e9rifi\u00e9 et test\u00e9 pour fonctionner correctement. En principe, son bon fonctionnement peut \u00eatre garanti 365&nbsp;jours par an, 24&nbsp;heures sur 24. Toutefois, le RESPONSABLE n&rsquo;exclut pas la possibilit\u00e9 que certaines erreurs de programmation se produisent, ou que des cas de force majeure, des catastrophes naturelles, des gr\u00e8ves ou des circonstances similaires rendent impossible l&rsquo;acc\u00e8s \u00e0 la page web.<\/p><p><strong>Adresses IP<\/strong><br>Les serveurs du site web pourront d\u00e9tecter automatiquement l&rsquo;adresse IP et le nom de domaine utilis\u00e9s par l&rsquo;utilisateur. Une adresse IP est un num\u00e9ro attribu\u00e9 automatiquement \u00e0 un ordinateur lorsqu&rsquo;il se connecte \u00e0 Internet.<br>Toutes ces informations sont enregistr\u00e9es dans un fichier d&rsquo;activit\u00e9 du serveur d\u00fbment inscrit qui permet le traitement ult\u00e9rieur des donn\u00e9es afin d&rsquo;obtenir des mesures uniquement statistiques permettant de conna\u00eetre le nombre d&rsquo;impressions de pages, le nombre de visites effectu\u00e9es sur les serveurs web, l&rsquo;ordre des visites, le point d&rsquo;acc\u00e8s, etc.<\/p><p><strong>4. CONFIDENTIALIT\u00c9 DES IMAGES<\/strong><br>Le Responsable publie certaines images uniquement et exclusivement dans le but d&rsquo;informer des activit\u00e9s men\u00e9es par ALQUILER DE RUEDAS HUELVA SL. Si une personne s&rsquo;estime l\u00e9s\u00e9e par la publication de son image et ne souhaite pas qu&rsquo;elle soit diffus\u00e9e, il lui suffira de le signaler par e-mail \u00e0 rafael.martin@onudrive.com et nous proc\u00e9derons imm\u00e9diatement \u00e0 sa suppression.<\/p><p>Il est totalement interdit de publier, divulguer, propager ou transmettre ces images sans l&rsquo;autorisation expresse d&rsquo;ALQUILER DE RUEDAS HUELVA SL<\/p><p><strong>5. LOI APPLICABLE ET JURIDICTION<\/strong><br>Pour la r\u00e9solution de tous les litiges ou questions li\u00e9s au pr\u00e9sent site web ou aux activit\u00e9s qui y sont men\u00e9es, la l\u00e9gislation espagnole sera applicable, \u00e0 laquelle les parties se soumettent express\u00e9ment, les tribunaux les plus proches de Huelva \u00e9tant comp\u00e9tents pour la r\u00e9solution de tous les conflits d\u00e9coulant de son utilisation ou li\u00e9s \u00e0 celle-ci.<\/p>\t\t\t\t\t\t\t\t<\/div>\n\t\t\t\t<\/div>\n\t\t\t\t\t<\/div>\n\t\t\t\t<\/div>\n\t\t\t\t<\/div>\n\t\t","protected":false},"excerpt":{"rendered":"<p>Mentions L\u00e9gales LOI SUR LES SERVICES DE LA SOCI\u00c9T\u00c9 DE L&rsquo;INFORMATION (LSSI)ALQUILER DE RUEDAS HUELVA, S.L., responsable du site web, ci-apr\u00e8s le RESPONSABLE, met \u00e0 la disposition des utilisateurs le pr\u00e9sent document, avec lequel il entend satisfaire aux obligations pr\u00e9vues par la loi 34\/2002, du 11 juillet, sur les services de la soci\u00e9t\u00e9 de l&rsquo;information [&hellip;]<\/p>\n","protected":false},"author":1,"featured_media":0,"parent":0,"menu_order":0,"comment_status":"closed","ping_status":"closed","template":"","meta":{"footnotes":""},"class_list":["post-441","page","type-page","status-publish","hentry"],"yoast_head":"<!-- This site is optimized with the Yoast SEO plugin v27.5 - https:\/\/yoast.com\/product\/yoast-seo-wordpress\/ -->\n<title>Mentions L\u00e9gales - Onudrive<\/title>\n<meta name=\"robots\" content=\"noindex, follow\" \/>\n<meta property=\"og:locale\" content=\"fr_FR\" \/>\n<meta property=\"og:type\" content=\"article\" \/>\n<meta property=\"og:title\" content=\"Mentions L\u00e9gales - Onudrive\" \/>\n<meta property=\"og:description\" content=\"Mentions L\u00e9gales LOI SUR LES SERVICES DE LA SOCI\u00c9T\u00c9 DE L&rsquo;INFORMATION (LSSI)ALQUILER DE RUEDAS HUELVA, S.L., responsable du site web, ci-apr\u00e8s le RESPONSABLE, met \u00e0 la disposition des utilisateurs le pr\u00e9sent document, avec lequel il entend satisfaire aux obligations pr\u00e9vues par la loi 34\/2002, du 11 juillet, sur les services de la soci\u00e9t\u00e9 de l&rsquo;information [&hellip;]\" \/>\n<meta property=\"og:url\" content=\"https:\/\/onudrive.com\/fr\/mentions-legales\/\" \/>\n<meta property=\"og:site_name\" content=\"Onudrive\" \/>\n<meta property=\"article:modified_time\" content=\"2026-02-10T08:13:01+00:00\" \/>\n<meta property=\"og:image\" content=\"https:\/\/onudrive.com\/wp-content\/uploads\/2025\/06\/AZUL-LOGOTIPO.png\" \/>\n\t<meta property=\"og:image:width\" content=\"1512\" \/>\n\t<meta property=\"og:image:height\" content=\"380\" \/>\n\t<meta property=\"og:image:type\" content=\"image\/png\" \/>\n<meta name=\"twitter:card\" content=\"summary_large_image\" \/>\n<meta name=\"twitter:label1\" content=\"Dur\u00e9e de lecture estim\u00e9e\" \/>\n\t<meta name=\"twitter:data1\" content=\"7 minutes\" \/>\n<script type=\"application\/ld+json\" class=\"yoast-schema-graph\">{\"@context\":\"https:\\\/\\\/schema.org\",\"@graph\":[{\"@type\":\"WebPage\",\"@id\":\"https:\\\/\\\/onudrive.com\\\/fr\\\/mentions-legales\\\/\",\"url\":\"https:\\\/\\\/onudrive.com\\\/fr\\\/mentions-legales\\\/\",\"name\":\"Mentions L\u00e9gales - Onudrive\",\"isPartOf\":{\"@id\":\"https:\\\/\\\/onudrive.com\\\/fr\\\/#website\"},\"datePublished\":\"2025-06-19T11:10:53+00:00\",\"dateModified\":\"2026-02-10T08:13:01+00:00\",\"breadcrumb\":{\"@id\":\"https:\\\/\\\/onudrive.com\\\/fr\\\/mentions-legales\\\/#breadcrumb\"},\"inLanguage\":\"fr-FR\",\"potentialAction\":[{\"@type\":\"ReadAction\",\"target\":[\"https:\\\/\\\/onudrive.com\\\/fr\\\/mentions-legales\\\/\"]}]},{\"@type\":\"BreadcrumbList\",\"@id\":\"https:\\\/\\\/onudrive.com\\\/fr\\\/mentions-legales\\\/#breadcrumb\",\"itemListElement\":[{\"@type\":\"ListItem\",\"position\":1,\"name\":\"Portada\",\"item\":\"https:\\\/\\\/onudrive.com\\\/fr\\\/accueil\\\/\"},{\"@type\":\"ListItem\",\"position\":2,\"name\":\"Mentions L\u00e9gales\"}]},{\"@type\":\"WebSite\",\"@id\":\"https:\\\/\\\/onudrive.com\\\/fr\\\/#website\",\"url\":\"https:\\\/\\\/onudrive.com\\\/fr\\\/\",\"name\":\"Onudrive\",\"description\":\"Alquiler de coches y furgonetas en Huelva y provincia\",\"publisher\":{\"@id\":\"https:\\\/\\\/onudrive.com\\\/fr\\\/#organization\"},\"potentialAction\":[{\"@type\":\"SearchAction\",\"target\":{\"@type\":\"EntryPoint\",\"urlTemplate\":\"https:\\\/\\\/onudrive.com\\\/fr\\\/?s={search_term_string}\"},\"query-input\":{\"@type\":\"PropertyValueSpecification\",\"valueRequired\":true,\"valueName\":\"search_term_string\"}}],\"inLanguage\":\"fr-FR\"},{\"@type\":\"Organization\",\"@id\":\"https:\\\/\\\/onudrive.com\\\/fr\\\/#organization\",\"name\":\"Onudrive\",\"url\":\"https:\\\/\\\/onudrive.com\\\/fr\\\/\",\"logo\":{\"@type\":\"ImageObject\",\"inLanguage\":\"fr-FR\",\"@id\":\"https:\\\/\\\/onudrive.com\\\/fr\\\/#\\\/schema\\\/logo\\\/image\\\/\",\"url\":\"https:\\\/\\\/onudrive.com\\\/wp-content\\\/uploads\\\/2025\\\/06\\\/cropped-favicon-onudrive.png\",\"contentUrl\":\"https:\\\/\\\/onudrive.com\\\/wp-content\\\/uploads\\\/2025\\\/06\\\/cropped-favicon-onudrive.png\",\"width\":512,\"height\":512,\"caption\":\"Onudrive\"},\"image\":{\"@id\":\"https:\\\/\\\/onudrive.com\\\/fr\\\/#\\\/schema\\\/logo\\\/image\\\/\"}}]}<\/script>\n<!-- \/ Yoast SEO plugin. -->","yoast_head_json":{"title":"Mentions L\u00e9gales - Onudrive","robots":{"index":"noindex","follow":"follow"},"og_locale":"fr_FR","og_type":"article","og_title":"Mentions L\u00e9gales - Onudrive","og_description":"Mentions L\u00e9gales LOI SUR LES SERVICES DE LA SOCI\u00c9T\u00c9 DE L&rsquo;INFORMATION (LSSI)ALQUILER DE RUEDAS HUELVA, S.L., responsable du site web, ci-apr\u00e8s le RESPONSABLE, met \u00e0 la disposition des utilisateurs le pr\u00e9sent document, avec lequel il entend satisfaire aux obligations pr\u00e9vues par la loi 34\/2002, du 11 juillet, sur les services de la soci\u00e9t\u00e9 de l&rsquo;information [&hellip;]","og_url":"https:\/\/onudrive.com\/fr\/mentions-legales\/","og_site_name":"Onudrive","article_modified_time":"2026-02-10T08:13:01+00:00","og_image":[{"width":1512,"height":380,"url":"https:\/\/onudrive.com\/wp-content\/uploads\/2025\/06\/AZUL-LOGOTIPO.png","type":"image\/png"}],"twitter_card":"summary_large_image","twitter_misc":{"Dur\u00e9e de lecture estim\u00e9e":"7 minutes"},"schema":{"@context":"https:\/\/schema.org","@graph":[{"@type":"WebPage","@id":"https:\/\/onudrive.com\/fr\/mentions-legales\/","url":"https:\/\/onudrive.com\/fr\/mentions-legales\/","name":"Mentions L\u00e9gales - Onudrive","isPartOf":{"@id":"https:\/\/onudrive.com\/fr\/#website"},"datePublished":"2025-06-19T11:10:53+00:00","dateModified":"2026-02-10T08:13:01+00:00","breadcrumb":{"@id":"https:\/\/onudrive.com\/fr\/mentions-legales\/#breadcrumb"},"inLanguage":"fr-FR","potentialAction":[{"@type":"ReadAction","target":["https:\/\/onudrive.com\/fr\/mentions-legales\/"]}]},{"@type":"BreadcrumbList","@id":"https:\/\/onudrive.com\/fr\/mentions-legales\/#breadcrumb","itemListElement":[{"@type":"ListItem","position":1,"name":"Portada","item":"https:\/\/onudrive.com\/fr\/accueil\/"},{"@type":"ListItem","position":2,"name":"Mentions L\u00e9gales"}]},{"@type":"WebSite","@id":"https:\/\/onudrive.com\/fr\/#website","url":"https:\/\/onudrive.com\/fr\/","name":"Onudrive","description":"Alquiler de coches y furgonetas en Huelva y provincia","publisher":{"@id":"https:\/\/onudrive.com\/fr\/#organization"},"potentialAction":[{"@type":"SearchAction","target":{"@type":"EntryPoint","urlTemplate":"https:\/\/onudrive.com\/fr\/?s={search_term_string}"},"query-input":{"@type":"PropertyValueSpecification","valueRequired":true,"valueName":"search_term_string"}}],"inLanguage":"fr-FR"},{"@type":"Organization","@id":"https:\/\/onudrive.com\/fr\/#organization","name":"Onudrive","url":"https:\/\/onudrive.com\/fr\/","logo":{"@type":"ImageObject","inLanguage":"fr-FR","@id":"https:\/\/onudrive.com\/fr\/#\/schema\/logo\/image\/","url":"https:\/\/onudrive.com\/wp-content\/uploads\/2025\/06\/cropped-favicon-onudrive.png","contentUrl":"https:\/\/onudrive.com\/wp-content\/uploads\/2025\/06\/cropped-favicon-onudrive.png","width":512,"height":512,"caption":"Onudrive"},"image":{"@id":"https:\/\/onudrive.com\/fr\/#\/schema\/logo\/image\/"}}]}},"_links":{"self":[{"href":"https:\/\/onudrive.com\/fr\/wp-json\/wp\/v2\/pages\/441","targetHints":{"allow":["GET"]}}],"collection":[{"href":"https:\/\/onudrive.com\/fr\/wp-json\/wp\/v2\/pages"}],"about":[{"href":"https:\/\/onudrive.com\/fr\/wp-json\/wp\/v2\/types\/page"}],"author":[{"embeddable":true,"href":"https:\/\/onudrive.com\/fr\/wp-json\/wp\/v2\/users\/1"}],"replies":[{"embeddable":true,"href":"https:\/\/onudrive.com\/fr\/wp-json\/wp\/v2\/comments?post=441"}],"version-history":[{"count":0,"href":"https:\/\/onudrive.com\/fr\/wp-json\/wp\/v2\/pages\/441\/revisions"}],"wp:attachment":[{"href":"https:\/\/onudrive.com\/fr\/wp-json\/wp\/v2\/media?parent=441"}],"curies":[{"name":"wp","href":"https:\/\/api.w.org\/{rel}","templated":true}]}}